{"id":961,"date":"2024-10-16T16:03:33","date_gmt":"2024-10-16T16:03:33","guid":{"rendered":"https:\/\/praxis-haw.de\/?page_id=961"},"modified":"2024-10-18T14:33:38","modified_gmt":"2024-10-18T14:33:38","slug":"labor","status":"publish","type":"page","link":"https:\/\/praxis-haw.de\/?page_id=961","title":{"rendered":"LABOR"},"content":{"rendered":"\n<p>Blutentnahmen finden bei uns t\u00e4glich von <strong>07:45-08:45Uhr<\/strong> statt. <strong>Kommen Sie morgens bitte n\u00fcchtern<\/strong>!<\/p>\n\n\n\n<p><br>Bitte besprechen Sie die Blutentnahme vorher mit dem Arzt und lassen Sie sich unbedingt einen Termin zur Befundbesprechung geben. Nur so wird sichergestellt, dass alle relevanten Befunde erhoben und mit Ihnen besprochen werden. <\/p>\n\n\n\n<p>Wir weisen darauf hin, dass Patienten\/innen sich eigenverantwortlich nach erhobenen Befunden (z.B. Ergebnisse von Blutentnahmen oder bildgebende Verfahren, etc.) erkundigen m\u00fcssen. Eine automatische Befund\u00fcbermittlung ist nicht m\u00f6glich!  Mit jeder Behandlung willigen Sie in unsere <a href=\"https:\/\/praxis-haw.de\/wp-content\/uploads\/2024\/10\/GG-DAT-Einwilligungserklaerung_Patient_DSGV-0045-PAT-V1.02.pdf\" data-type=\"attachment\" data-id=\"915\">Erhebung und \u00dcbermittlung von Patientendaten gem. \u00a7 73 Abs. 1b SGB V (Datenschutzerkl\u00e4rung)<\/a> ein.<\/p>\n\n\n\n<p><\/p>\n\n\n\n<p><\/p>\n","protected":false},"excerpt":{"rendered":"<p>Blutentnahmen finden bei uns t\u00e4glich von 07:45-08:45Uhr statt. Kommen Sie morgens bitte n\u00fcchtern! Bitte besprechen Sie die Blutentnahme vorher mit dem Arzt und lassen Sie sich unbedingt einen Termin zur &hellip; <\/p>\n","protected":false},"author":1,"featured_media":905,"parent":0,"menu_order":0,"comment_status":"closed","ping_status":"closed","template":"","meta":{"footnotes":""},"class_list":["post-961","page","type-page","status-publish","has-post-thumbnail","hentry"],"_links":{"self":[{"href":"https:\/\/praxis-haw.de\/index.php?rest_route=\/wp\/v2\/pages\/961","targetHints":{"allow":["GET"]}}],"collection":[{"href":"https:\/\/praxis-haw.de\/index.php?rest_route=\/wp\/v2\/pages"}],"about":[{"href":"https:\/\/praxis-haw.de\/index.php?rest_route=\/wp\/v2\/types\/page"}],"author":[{"embeddable":true,"href":"https:\/\/praxis-haw.de\/index.php?rest_route=\/wp\/v2\/users\/1"}],"replies":[{"embeddable":true,"href":"https:\/\/praxis-haw.de\/index.php?rest_route=%2Fwp%2Fv2%2Fcomments&post=961"}],"version-history":[{"count":3,"href":"https:\/\/praxis-haw.de\/index.php?rest_route=\/wp\/v2\/pages\/961\/revisions"}],"predecessor-version":[{"id":1031,"href":"https:\/\/praxis-haw.de\/index.php?rest_route=\/wp\/v2\/pages\/961\/revisions\/1031"}],"wp:featuredmedia":[{"embeddable":true,"href":"https:\/\/praxis-haw.de\/index.php?rest_route=\/wp\/v2\/media\/905"}],"wp:attachment":[{"href":"https:\/\/praxis-haw.de\/index.php?rest_route=%2Fwp%2Fv2%2Fmedia&parent=961"}],"curies":[{"name":"wp","href":"https:\/\/api.w.org\/{rel}","templated":true}]}}