{"id":959,"date":"2024-10-16T16:03:22","date_gmt":"2024-10-16T16:03:22","guid":{"rendered":"https:\/\/praxis-haw.de\/?page_id=959"},"modified":"2024-10-16T16:17:08","modified_gmt":"2024-10-16T16:17:08","slug":"hausbesuche","status":"publish","type":"page","link":"https:\/\/praxis-haw.de\/?page_id=959","title":{"rendered":"HAUSBESUCHE"},"content":{"rendered":"\n<p class=\"has-white-background-color has-text-color has-background has-link-color wp-elements-42e98f2b9840ac360843c0b420274c67\" style=\"color:#54524d\">Bei schwerer Erkrankung besuchen wir Sie auch zu Hause \u2013 in dringenden F\u00e4llen auch am selben Tag. Wegen stark eingeschr\u00e4nkter Diagnostik und Therapiem\u00f6glichkeiten sollten Sie wenn immer m\u00f6glich zu uns in die Praxis kommen. Ortschaften au\u00dferhalb unseres Einzugsgebietes k\u00f6nnen wir leider nicht anfahren.<\/p>\n\n\n\n<p class=\"has-white-background-color has-text-color has-background has-link-color wp-elements-cb6d244723a95d5a53052d9aa1925e40\" style=\"color:#54524d\"><strong>Auflistung der von uns angefahrenen Ortschaften<\/strong><\/p>\n\n\n\n<ul class=\"wp-block-list\">\n<li class=\"wp-elements-18996986352fd39d768814ffc2e91949\" style=\"color:#54524d\">Oberkirchen<\/li>\n\n\n\n<li class=\"wp-elements-c73e0e880c8571d264ce725681887544\" style=\"color:#54524d\">Freisen<\/li>\n\n\n\n<li class=\"wp-elements-51f9aafa054eeaaad56ee9c0fe249303\" style=\"color:#54524d\">Schwarzerden<\/li>\n\n\n\n<li class=\"wp-elements-be8a0f3ddcf4d02b401405f639cf60d2\" style=\"color:#54524d\">Reichweiler<\/li>\n\n\n\n<li class=\"wp-elements-945e65676427c96c0d205a188003252b\" style=\"color:#54524d\">Haupersweiler<\/li>\n\n\n\n<li class=\"wp-elements-9504855c8b01d9da05527f885ad52835\" style=\"color:#54524d\">Herchweiler<\/li>\n\n\n\n<li class=\"wp-elements-4404d3481ebdcca1606d5749ec4afef2\" style=\"color:#54524d\">Osterbr\u00fccken<\/li>\n\n\n\n<li class=\"wp-elements-ec94b589645fab4bfd329f42af864804\" style=\"color:#54524d\">Hoof<\/li>\n\n\n\n<li class=\"wp-elements-f98b43dfea6cb2b50bc841ef30d8efcf\" style=\"color:#54524d\">Gr\u00fcgelborn<\/li>\n\n\n\n<li class=\"wp-elements-8db08623cfe961141b791730279c88ab\" style=\"color:#54524d\">Reitscheid<\/li>\n<\/ul>\n\n\n\n<p><\/p>\n","protected":false},"excerpt":{"rendered":"<p>Bei schwerer Erkrankung besuchen wir Sie auch zu Hause \u2013 in dringenden F\u00e4llen auch am selben Tag. Wegen stark eingeschr\u00e4nkter Diagnostik und Therapiem\u00f6glichkeiten sollten Sie wenn immer m\u00f6glich zu uns &hellip; <\/p>\n","protected":false},"author":1,"featured_media":904,"parent":0,"menu_order":0,"comment_status":"closed","ping_status":"closed","template":"","meta":{"footnotes":""},"class_list":["post-959","page","type-page","status-publish","has-post-thumbnail","hentry"],"_links":{"self":[{"href":"https:\/\/praxis-haw.de\/index.php?rest_route=\/wp\/v2\/pages\/959","targetHints":{"allow":["GET"]}}],"collection":[{"href":"https:\/\/praxis-haw.de\/index.php?rest_route=\/wp\/v2\/pages"}],"about":[{"href":"https:\/\/praxis-haw.de\/index.php?rest_route=\/wp\/v2\/types\/page"}],"author":[{"embeddable":true,"href":"https:\/\/praxis-haw.de\/index.php?rest_route=\/wp\/v2\/users\/1"}],"replies":[{"embeddable":true,"href":"https:\/\/praxis-haw.de\/index.php?rest_route=%2Fwp%2Fv2%2Fcomments&post=959"}],"version-history":[{"count":2,"href":"https:\/\/praxis-haw.de\/index.php?rest_route=\/wp\/v2\/pages\/959\/revisions"}],"predecessor-version":[{"id":990,"href":"https:\/\/praxis-haw.de\/index.php?rest_route=\/wp\/v2\/pages\/959\/revisions\/990"}],"wp:featuredmedia":[{"embeddable":true,"href":"https:\/\/praxis-haw.de\/index.php?rest_route=\/wp\/v2\/media\/904"}],"wp:attachment":[{"href":"https:\/\/praxis-haw.de\/index.php?rest_route=%2Fwp%2Fv2%2Fmedia&parent=959"}],"curies":[{"name":"wp","href":"https:\/\/api.w.org\/{rel}","templated":true}]}}