{"id":955,"date":"2024-10-16T16:02:55","date_gmt":"2024-10-16T16:02:55","guid":{"rendered":"https:\/\/praxis-haw.de\/?page_id=955"},"modified":"2025-07-07T09:22:21","modified_gmt":"2025-07-07T09:22:21","slug":"weiterbildung","status":"publish","type":"page","link":"https:\/\/praxis-haw.de\/?page_id=955","title":{"rendered":"WEITERBILDUNG"},"content":{"rendered":"\n<p class=\"has-large-font-size\">\u00c4rzte<\/p>\n\n\n\n<div class=\"wp-block-group is-vertical is-layout-flex wp-container-core-group-is-layout-8cf370e7 wp-block-group-is-layout-flex\">\n<div class=\"wp-block-columns is-layout-flex wp-container-core-columns-is-layout-9d6595d7 wp-block-columns-is-layout-flex\">\n<div class=\"wp-block-column is-vertically-aligned-center is-layout-flow wp-block-column-is-layout-flow\" style=\"flex-basis:100%\">\n<p class=\"has-text-align-center\"><img loading=\"lazy\" decoding=\"async\" width=\"150\" height=\"85\" class=\"wp-image-899\" style=\"width: 150px;\" src=\"https:\/\/praxis-haw.de\/wp-content\/uploads\/2024\/10\/GG-09-Aerztekammer.png\" alt=\"\" srcset=\"https:\/\/praxis-haw.de\/wp-content\/uploads\/2024\/10\/GG-09-Aerztekammer.png 500w, https:\/\/praxis-haw.de\/wp-content\/uploads\/2024\/10\/GG-09-Aerztekammer-300x170.png 300w\" sizes=\"auto, (max-width: 150px) 100vw, 150px\" \/><img decoding=\"async\" class=\"wp-image-273\" style=\"width: 200px;\" src=\"http:\/\/localhost:8080\/wordpress\/wp-content\/uploads\/2024\/09\/Weiterbildungspraxis-e1726935183291.png\" alt=\"\"><\/p>\n\n\n\n<p>Als anerkannte Weiterbildungsst\u00e4tte der <em>\u00c4rztekammer des Saarlandes<\/em> bieten wir Ihnen in unserer Praxis die M\u00f6glichkeit, die Weiterbildung zur Erlangung der Facharztanerkennung f\u00fcr Allgemeinmedizin zu absolvieren.<\/p>\n<\/div>\n<\/div>\n<\/div>\n\n\n\n<p><br><\/p>\n\n\n\n<p class=\"has-large-font-size\">Studenten<\/p>\n\n\n\n<p class=\"has-text-align-center\"><img loading=\"lazy\" decoding=\"async\" width=\"150\" height=\"86\" class=\"wp-image-900\" style=\"width: 150px;\" src=\"https:\/\/praxis-haw.de\/wp-content\/uploads\/2024\/10\/GG-10-Lehrarztpraxis.png\" alt=\"\" srcset=\"https:\/\/praxis-haw.de\/wp-content\/uploads\/2024\/10\/GG-10-Lehrarztpraxis.png 500w, https:\/\/praxis-haw.de\/wp-content\/uploads\/2024\/10\/GG-10-Lehrarztpraxis-300x171.png 300w\" sizes=\"auto, (max-width: 150px) 100vw, 150px\" \/><img decoding=\"async\" class=\"wp-image-272\" style=\"width: 200px;\" src=\"http:\/\/localhost:8080\/wordpress\/wp-content\/uploads\/2024\/09\/AkademLehrpraxis-e1726935248429.png\" alt=\"\"><\/p>\n\n\n\n<p class=\"has-text-align-left\">Wir sind <em>akademische<\/em> <em>Lehrpraxis der Universit\u00e4t des Saarland<\/em>es und bieten Studentinnen und Studenten die M\u00f6glichkeit bei uns Ihr Praktisches Jahr abzuschlie\u00dfen.<\/p>\n\n\n\n<p><br><\/p>\n\n\n\n<p class=\"has-large-font-size\">AZUBIs<\/p>\n\n\n\n<p>Wir suchen immer wieder junge begeisterungsf\u00e4hige Menschen, die den Beruf der medizinischen Fachangestellte lernen m\u00f6chten.  <\/p>\n\n\n\n<p><\/p>\n\n\n\n<p class=\"has-black-color has-cyan-bluish-gray-background-color has-text-color has-background has-link-color wp-elements-a16330a7f18870a49afaf954a0360b4e\">Bei Interesse schreiben Sie uns unter info@praxis-haw.de oder rufen Sie uns an: 06855-224<\/p>\n\n\n\n<p><\/p>\n","protected":false},"excerpt":{"rendered":"<p>\u00c4rzte Als anerkannte Weiterbildungsst\u00e4tte der \u00c4rztekammer des Saarlandes bieten wir Ihnen in unserer Praxis die M\u00f6glichkeit, die Weiterbildung zur Erlangung der Facharztanerkennung f\u00fcr Allgemeinmedizin zu absolvieren. Studenten Wir sind akademische &hellip; <\/p>\n","protected":false},"author":1,"featured_media":909,"parent":0,"menu_order":0,"comment_status":"closed","ping_status":"closed","template":"","meta":{"footnotes":""},"class_list":["post-955","page","type-page","status-publish","has-post-thumbnail","hentry"],"_links":{"self":[{"href":"https:\/\/praxis-haw.de\/index.php?rest_route=\/wp\/v2\/pages\/955","targetHints":{"allow":["GET"]}}],"collection":[{"href":"https:\/\/praxis-haw.de\/index.php?rest_route=\/wp\/v2\/pages"}],"about":[{"href":"https:\/\/praxis-haw.de\/index.php?rest_route=\/wp\/v2\/types\/page"}],"author":[{"embeddable":true,"href":"https:\/\/praxis-haw.de\/index.php?rest_route=\/wp\/v2\/users\/1"}],"replies":[{"embeddable":true,"href":"https:\/\/praxis-haw.de\/index.php?rest_route=%2Fwp%2Fv2%2Fcomments&post=955"}],"version-history":[{"count":6,"href":"https:\/\/praxis-haw.de\/index.php?rest_route=\/wp\/v2\/pages\/955\/revisions"}],"predecessor-version":[{"id":1697,"href":"https:\/\/praxis-haw.de\/index.php?rest_route=\/wp\/v2\/pages\/955\/revisions\/1697"}],"wp:featuredmedia":[{"embeddable":true,"href":"https:\/\/praxis-haw.de\/index.php?rest_route=\/wp\/v2\/media\/909"}],"wp:attachment":[{"href":"https:\/\/praxis-haw.de\/index.php?rest_route=%2Fwp%2Fv2%2Fmedia&parent=955"}],"curies":[{"name":"wp","href":"https:\/\/api.w.org\/{rel}","templated":true}]}}