{"id":953,"date":"2024-10-16T16:02:39","date_gmt":"2024-10-16T16:02:39","guid":{"rendered":"https:\/\/praxis-haw.de\/?page_id=953"},"modified":"2025-03-20T05:50:12","modified_gmt":"2025-03-20T05:50:12","slug":"team","status":"publish","type":"page","link":"https:\/\/praxis-haw.de\/?page_id=953","title":{"rendered":"TEAM"},"content":{"rendered":"\n<p class=\"has-large-font-size\">Unser \u00c4rzteteam<\/p>\n\n\n\n<p><\/p>\n\n\n\n<div class=\"wp-block-media-text is-stacked-on-mobile is-vertically-aligned-center\" style=\"grid-template-columns:15% auto\"><figure class=\"wp-block-media-text__media\"><img loading=\"lazy\" decoding=\"async\" width=\"203\" height=\"300\" src=\"https:\/\/praxis-haw.de\/wp-content\/uploads\/2020\/05\/portraitng-203x300.jpg\" alt=\"\" class=\"wp-image-277 size-full\" srcset=\"https:\/\/praxis-haw.de\/wp-content\/uploads\/2020\/05\/portraitng-203x300.jpg 203w, https:\/\/praxis-haw.de\/wp-content\/uploads\/2020\/05\/portraitng.jpg 491w\" sizes=\"auto, (max-width: 203px) 100vw, 203px\" \/><\/figure><div class=\"wp-block-media-text__content\">\n<p><strong>Nicole Grosser<\/strong><br>Fach\u00e4rztin f\u00fcr Allgemeinmedizin<br>Weiterbildungserm\u00e4chtigung f\u00fcr Allgemeinmedizin<\/p>\n<\/div><\/div>\n\n\n\n<p><\/p>\n\n\n\n<div class=\"wp-block-media-text is-stacked-on-mobile\" style=\"grid-template-columns:15% auto\"><figure class=\"wp-block-media-text__media\"><img loading=\"lazy\" decoding=\"async\" width=\"212\" height=\"300\" src=\"https:\/\/praxis-haw.de\/wp-content\/uploads\/2020\/05\/portraitcg-1-212x300.png\" alt=\"\" class=\"wp-image-279 size-full\" srcset=\"https:\/\/praxis-haw.de\/wp-content\/uploads\/2020\/05\/portraitcg-1-212x300.png 212w, https:\/\/praxis-haw.de\/wp-content\/uploads\/2020\/05\/portraitcg-1-723x1024.png 723w, https:\/\/praxis-haw.de\/wp-content\/uploads\/2020\/05\/portraitcg-1-768x1088.png 768w, https:\/\/praxis-haw.de\/wp-content\/uploads\/2020\/05\/portraitcg-1-1084x1536.png 1084w, https:\/\/praxis-haw.de\/wp-content\/uploads\/2020\/05\/portraitcg-1-1446x2048.png 1446w, https:\/\/praxis-haw.de\/wp-content\/uploads\/2020\/05\/portraitcg-1.png 1502w\" sizes=\"auto, (max-width: 212px) 100vw, 212px\" \/><\/figure><div class=\"wp-block-media-text__content\">\n<p><strong>Dr. med. Christian Grosser<\/strong><br>Facharzt f\u00fcr Allgemeinmedizin<br>Facharzt f\u00fcr An\u00e4sthesiologie, Notfallmedizin<br>Weiterbildungserm\u00e4chtigung f\u00fcr Allgemeinmedizin<\/p>\n<\/div><\/div>\n\n\n\n<p><\/p>\n\n\n\n<div class=\"wp-block-media-text is-stacked-on-mobile\" style=\"grid-template-columns:15% auto\"><figure class=\"wp-block-media-text__media\"><img loading=\"lazy\" decoding=\"async\" width=\"768\" height=\"1024\" src=\"https:\/\/praxis-haw.de\/wp-content\/uploads\/2024\/10\/GG-22-Hock-768x1024.jpg\" alt=\"\" class=\"wp-image-912 size-full\" srcset=\"https:\/\/praxis-haw.de\/wp-content\/uploads\/2024\/10\/GG-22-Hock-768x1024.jpg 768w, https:\/\/praxis-haw.de\/wp-content\/uploads\/2024\/10\/GG-22-Hock-225x300.jpg 225w, https:\/\/praxis-haw.de\/wp-content\/uploads\/2024\/10\/GG-22-Hock-1152x1536.jpg 1152w, https:\/\/praxis-haw.de\/wp-content\/uploads\/2024\/10\/GG-22-Hock.jpg 1200w\" sizes=\"auto, (max-width: 768px) 100vw, 768px\" \/><\/figure><div class=\"wp-block-media-text__content\">\n<p><strong>Joachim Hock<\/strong> (angestellter Arzt)<br>Facharzt f\u00fcr Allgemeinmedizin, Sportmedizin, Chirotherapie, Notfallmedizin<br>Weiterbildungserm\u00e4chtigung f\u00fcr Allgemeinmedizin<\/p>\n<\/div><\/div>\n\n\n\n<div class=\"wp-block-media-text is-stacked-on-mobile\" style=\"grid-template-columns:15% auto\"><figure class=\"wp-block-media-text__media\"><img decoding=\"async\" src=\"http:\/\/localhost:8080\/wordpress\/wp-content\/uploads\/2024\/09\/cropped-Logo-Hausaerzte-am-Weiselberg03-1.png\" alt=\"\" class=\"wp-image-84 size-full\"\/><\/figure><div class=\"wp-block-media-text__content\">\n<p><strong>Melanie D\u00f6rr<\/strong> (angestellte \u00c4rztin)<br>Fach\u00e4rztin f\u00fcr Allgemeinmedizin<br>Fach\u00e4rztin f\u00fcr An\u00e4sthesiologie, Notfallmedizin<\/p>\n<\/div><\/div>\n\n\n\n<p><\/p>\n\n\n\n<p class=\"has-large-font-size\">Unsere Medizinischen Fachangestellten<\/p>\n\n\n\n<p>Sandra Altenhofer<\/p>\n\n\n\n<p>Noemi Hock<\/p>\n\n\n\n<p>Bernardete Pinheiro<\/p>\n\n\n\n<p>Aline Moseler<\/p>\n\n\n\n<p>Heike Finkler<\/p>\n\n\n\n<p>Annegret Pulaski<\/p>\n\n\n\n<p>Sylvia Knapp<\/p>\n\n\n\n<p>Melani Willig<\/p>\n\n\n\n<p>Bianca Hellriegel<\/p>\n","protected":false},"excerpt":{"rendered":"<p>Unser \u00c4rzteteam Nicole GrosserFach\u00e4rztin f\u00fcr AllgemeinmedizinWeiterbildungserm\u00e4chtigung f\u00fcr Allgemeinmedizin Dr. med. Christian GrosserFacharzt f\u00fcr AllgemeinmedizinFacharzt f\u00fcr An\u00e4sthesiologie, NotfallmedizinWeiterbildungserm\u00e4chtigung f\u00fcr Allgemeinmedizin Joachim Hock (angestellter Arzt)Facharzt f\u00fcr Allgemeinmedizin, Sportmedizin, Chirotherapie, NotfallmedizinWeiterbildungserm\u00e4chtigung f\u00fcr Allgemeinmedizin &hellip; <\/p>\n","protected":false},"author":1,"featured_media":895,"parent":0,"menu_order":0,"comment_status":"closed","ping_status":"closed","template":"","meta":{"footnotes":""},"class_list":["post-953","page","type-page","status-publish","has-post-thumbnail","hentry"],"_links":{"self":[{"href":"https:\/\/praxis-haw.de\/index.php?rest_route=\/wp\/v2\/pages\/953","targetHints":{"allow":["GET"]}}],"collection":[{"href":"https:\/\/praxis-haw.de\/index.php?rest_route=\/wp\/v2\/pages"}],"about":[{"href":"https:\/\/praxis-haw.de\/index.php?rest_route=\/wp\/v2\/types\/page"}],"author":[{"embeddable":true,"href":"https:\/\/praxis-haw.de\/index.php?rest_route=\/wp\/v2\/users\/1"}],"replies":[{"embeddable":true,"href":"https:\/\/praxis-haw.de\/index.php?rest_route=%2Fwp%2Fv2%2Fcomments&post=953"}],"version-history":[{"count":6,"href":"https:\/\/praxis-haw.de\/index.php?rest_route=\/wp\/v2\/pages\/953\/revisions"}],"predecessor-version":[{"id":1639,"href":"https:\/\/praxis-haw.de\/index.php?rest_route=\/wp\/v2\/pages\/953\/revisions\/1639"}],"wp:featuredmedia":[{"embeddable":true,"href":"https:\/\/praxis-haw.de\/index.php?rest_route=\/wp\/v2\/media\/895"}],"wp:attachment":[{"href":"https:\/\/praxis-haw.de\/index.php?rest_route=%2Fwp%2Fv2%2Fmedia&parent=953"}],"curies":[{"name":"wp","href":"https:\/\/api.w.org\/{rel}","templated":true}]}}