{"id":949,"date":"2024-10-16T16:01:30","date_gmt":"2024-10-16T16:01:30","guid":{"rendered":"https:\/\/praxis-haw.de\/?page_id=949"},"modified":"2024-10-16T16:51:22","modified_gmt":"2024-10-16T16:51:22","slug":"wir-ueber-uns","status":"publish","type":"page","link":"https:\/\/praxis-haw.de\/?page_id=949","title":{"rendered":"WIR \u00dcBER UNS"},"content":{"rendered":"\n<p class=\"has-text-align-left has-white-background-color has-text-color has-background has-link-color wp-elements-b3900799c97af8e3fad194a06ade67ce\" style=\"color:#54524d\">Seit \u00fcber 50 Jahren betreuen Haus\u00e4rzte am Fu\u00dfe des Weiselberges die Patientinnen und Patienten in der Gemeinde Freisen und Umgebung. Die \u00c4rzte Nicole Grosser und Dr. med. Christian Grosser f\u00fchren diese Tradition der Haus\u00e4rzte am Weiselberg fort.<br>Unterst\u00fctzt von unseren \u00e4rztlichen Kollegen Melanie D\u00f6rr und Joachim Hock betreuen wir unsere Patientinnen und Patienten vor Ort und im h\u00e4uslichen Umfeld.<br>Zusammen mit unseren medizinischen Fachangestellten bilden wir ein kompetentes Team an Gesundheitsspezialisten, welches Ihnen stets mit Rat und Tat zur Seite steht.<br>Unser Anspruch ist es, unseren Patientinnen und Patienten auf Augenh\u00f6he, mit Empathie und Freundlichkeit zu begegnen sowie ihre bestm\u00f6gliche Versorgung sicherzustellen.<\/p>\n\n\n\n<p class=\"has-text-align-left has-white-background-color has-text-color has-background has-link-color wp-elements-0cf3c10855ecb556fb6f810606f41aa8\" style=\"color:#54524d\">Unterst\u00fctzen Sie uns und schenken Sie unserem Praxisteam ein L\u00e4cheln!<\/p>\n\n\n\n<p class=\"has-text-align-left has-white-background-color has-text-color has-background has-link-color wp-elements-155b2dd9a7e3aea322f170b12b664afa\" style=\"color:#54524d\">Ihr Praxisteam der HAUS\u00c4RZTE AM WEISELBERG<br><br><img decoding=\"async\" class=\"wp-image-413\" style=\"width: 300px;\" src=\"http:\/\/localhost:8080\/wordpress\/wp-content\/uploads\/2024\/09\/20240910_201517.png\" alt=\"\"><\/p>\n","protected":false},"excerpt":{"rendered":"<p>Seit \u00fcber 50 Jahren betreuen Haus\u00e4rzte am Fu\u00dfe des Weiselberges die Patientinnen und Patienten in der Gemeinde Freisen und Umgebung. Die \u00c4rzte Nicole Grosser und Dr. med. Christian Grosser f\u00fchren &hellip; <\/p>\n","protected":false},"author":1,"featured_media":939,"parent":0,"menu_order":0,"comment_status":"closed","ping_status":"closed","template":"","meta":{"footnotes":""},"class_list":["post-949","page","type-page","status-publish","has-post-thumbnail","hentry"],"_links":{"self":[{"href":"https:\/\/praxis-haw.de\/index.php?rest_route=\/wp\/v2\/pages\/949","targetHints":{"allow":["GET"]}}],"collection":[{"href":"https:\/\/praxis-haw.de\/index.php?rest_route=\/wp\/v2\/pages"}],"about":[{"href":"https:\/\/praxis-haw.de\/index.php?rest_route=\/wp\/v2\/types\/page"}],"author":[{"embeddable":true,"href":"https:\/\/praxis-haw.de\/index.php?rest_route=\/wp\/v2\/users\/1"}],"replies":[{"embeddable":true,"href":"https:\/\/praxis-haw.de\/index.php?rest_route=%2Fwp%2Fv2%2Fcomments&post=949"}],"version-history":[{"count":2,"href":"https:\/\/praxis-haw.de\/index.php?rest_route=\/wp\/v2\/pages\/949\/revisions"}],"predecessor-version":[{"id":1001,"href":"https:\/\/praxis-haw.de\/index.php?rest_route=\/wp\/v2\/pages\/949\/revisions\/1001"}],"wp:featuredmedia":[{"embeddable":true,"href":"https:\/\/praxis-haw.de\/index.php?rest_route=\/wp\/v2\/media\/939"}],"wp:attachment":[{"href":"https:\/\/praxis-haw.de\/index.php?rest_route=%2Fwp%2Fv2%2Fmedia&parent=949"}],"curies":[{"name":"wp","href":"https:\/\/api.w.org\/{rel}","templated":true}]}}