{"id":83,"date":"2020-05-26T20:29:24","date_gmt":"2020-05-26T20:29:24","guid":{"rendered":"https:\/\/praxis-haw.de\/?page_id=83"},"modified":"2024-10-16T16:10:52","modified_gmt":"2024-10-16T16:10:52","slug":"impressum","status":"publish","type":"page","link":"https:\/\/praxis-haw.de\/?page_id=83","title":{"rendered":"IMPRESSUM"},"content":{"rendered":"\n<p class=\"has-text-color has-link-color wp-elements-c1a38cbf322fcb91d706b7b3c78376a2\" style=\"color:#54524d\"><strong>Angaben gem\u00e4\u00df \u00a7 5 TMG:<\/strong><br><em>Gemeinschaftspraxis f\u00fcr Allgemeinmedizin Nicole Grosser<\/em> und Dr. med. Christian Grosser<br>Angestellte \u00c4rzte: Joachim Hock, Melanie D\u00f6rr<\/p>\n\n\n<\/p>\n\n\n<p><\/p>\n\n\n\n<p class=\"has-text-color has-link-color wp-elements-532b47bebf5c8a00dbf21f955cd3ddc7\" style=\"color:#54524d\"><em>Standort Oberkirchen<\/em><br>Talbr\u00fcckstr. 8, 66629 Freisen-Oberkirchen<br>Telefon 06855-224, Fax 06855-6541<\/p>\n\n\n\n<p><\/p>\n\n\n<\/p>\n\n\n<p class=\"has-text-color has-link-color wp-elements-761691ddf730ea791ce818586e93d683\" style=\"color:#54524d\"><em>Standort Freisen<\/em><br>Bahnhofstrasse 4, 66629 Freisen<\/p>\n\n\n\n<figure class=\"wp-block-image\"><img decoding=\"async\" src=\"https:\/\/praxis-haw.de\/wp-content\/uploads\/2020\/05\/BildMailInfo-2.png\" alt=\"\" class=\"wp-image-91\"\/><\/figure>\n\n\n\n<p><\/p>\n\n\n<\/p>\n\n\n<p class=\"has-text-color has-link-color wp-elements-3e8540e77bdb775f12aca9e2fac96a01\" style=\"color:#54524d\"><strong>Gesetzliche Berufsbezeichnung:<\/strong><br><em>Nicole Grosser<\/em> \u00c4rztin Fach\u00e4rztin f\u00fcr Allgemeinmedizin<br>(verliehen in der Bundesrepublik Deutschland)<\/p>\n\n\n\n<p class=\"has-text-color has-link-color wp-elements-679eba84fcd008328c74b04cb7dbad7f\" style=\"color:#54524d\"><em>Dr. med. Christian Grosser<\/em> Facharzt f\u00fcr Allgemeinmedizin, Facharzt f\u00fcr An\u00e4sthesiologie,&nbsp; Notfallmedizin (verliehen in der Bundesrepublik Deutschland)<\/p>\n\n\n\n<p class=\"has-text-color has-link-color wp-elements-0332ff17fc13339d8ffe8b5cc6d4d894\" style=\"color:#54524d\">J<em>oachim Hock<\/em> (in Anstellung) Facharzt f\u00fcr Allgemeinmedizin, Chirotherapie, Notfallmedizin<br>(verliehen in der Bundesrepublik Deutschland)<\/p>\n\n\n\n<p class=\"has-text-color has-link-color wp-elements-69250f8cb84b92508aca57c4cf641711\" style=\"color:#54524d\"><em>Melanie D\u00f6rr<\/em> (in Anstellung) Fach\u00e4rztin f\u00fcr Allgemeinmedizin, Fach\u00e4rztin f\u00fcr An\u00e4sthesiologie <br>(verliehen in der Bundesrepublik Deutschland)<\/p>\n\n\n\n<p><br><\/p>\n\n\n<\/p>\n\n\n<p><strong>Approbationsbeh\u00f6rde f\u00fcr das Saarland<\/strong><br>Landesamt f\u00fcr Soziales, Hochstra\u00dfe 67 in 66115 Saarbr\u00fccken<\/p>\n\n\n\n<p><\/p>\n\n\n<\/p>\n\n\n<p><strong>Zust\u00e4ndige Kassen\u00e4rztliche Vereinigung:<\/strong><br>Kassen\u00e4rztliche Vereinigung Saarland<br>Europaallee 7 \u2013 9, 66113 Saarbr\u00fccken<\/p>\n\n\n\n<p><br><\/p>\n\n\n\n<p><strong>Zust\u00e4ndige Landes\u00e4rztekammer:<\/strong><br>\u00c4rztekammer des Saarlandes<br>Faktoreistra\u00dfe 4, 66111 Saarbr\u00fccken<\/p>\n\n\n\n<p><br><\/p>\n\n\n\n<p><strong>Berufsrechtliche Regelungen:<\/strong><br>Berufsordnung f\u00fcr die \u00c4rzte und \u00c4rztinnen des Saarlandes<br>Heilberufekammergesetz in der jeweils aktuellen Fassung<\/p>\n\n\n\n<p><br><\/p>\n\n\n\n<p><strong>Quellenangaben f\u00fcr die verwendeten Bilder und Grafiken:<\/strong><br>Fotos aufgenommen und bearbeitet von Dr. med. C. Grosser<\/p>\n\n\n\n<p><br><\/p>\n\n\n\n<p><strong>Design<\/strong> by Dr. med. Christian Grosser<\/p>\n\n\n\n<p><\/p>\n","protected":false},"excerpt":{"rendered":"<p>Angaben gem\u00e4\u00df \u00a7 5 TMG:Gemeinschaftspraxis f\u00fcr Allgemeinmedizin Nicole Grosser und Dr. med. Christian GrosserAngestellte \u00c4rzte: Joachim Hock, Melanie D\u00f6rr Standort OberkirchenTalbr\u00fcckstr. 8, 66629 Freisen-OberkirchenTelefon 06855-224, Fax 06855-6541 Standort FreisenBahnhofstrasse 4, &hellip; <\/p>\n","protected":false},"author":1,"featured_media":901,"parent":0,"menu_order":0,"comment_status":"closed","ping_status":"closed","template":"","meta":{"footnotes":""},"class_list":["post-83","page","type-page","status-publish","has-post-thumbnail","hentry"],"_links":{"self":[{"href":"https:\/\/praxis-haw.de\/index.php?rest_route=\/wp\/v2\/pages\/83","targetHints":{"allow":["GET"]}}],"collection":[{"href":"https:\/\/praxis-haw.de\/index.php?rest_route=\/wp\/v2\/pages"}],"about":[{"href":"https:\/\/praxis-haw.de\/index.php?rest_route=\/wp\/v2\/types\/page"}],"author":[{"embeddable":true,"href":"https:\/\/praxis-haw.de\/index.php?rest_route=\/wp\/v2\/users\/1"}],"replies":[{"embeddable":true,"href":"https:\/\/praxis-haw.de\/index.php?rest_route=%2Fwp%2Fv2%2Fcomments&post=83"}],"version-history":[{"count":15,"href":"https:\/\/praxis-haw.de\/index.php?rest_route=\/wp\/v2\/pages\/83\/revisions"}],"predecessor-version":[{"id":984,"href":"https:\/\/praxis-haw.de\/index.php?rest_route=\/wp\/v2\/pages\/83\/revisions\/984"}],"wp:featuredmedia":[{"embeddable":true,"href":"https:\/\/praxis-haw.de\/index.php?rest_route=\/wp\/v2\/media\/901"}],"wp:attachment":[{"href":"https:\/\/praxis-haw.de\/index.php?rest_route=%2Fwp%2Fv2%2Fmedia&parent=83"}],"curies":[{"name":"wp","href":"https:\/\/api.w.org\/{rel}","templated":true}]}}