{"id":73,"date":"2020-05-26T20:02:45","date_gmt":"2020-05-26T20:02:45","guid":{"rendered":"https:\/\/praxis-haw.de\/?page_id=73"},"modified":"2025-12-02T19:01:25","modified_gmt":"2025-12-02T19:01:25","slug":"datenschutz","status":"publish","type":"page","link":"https:\/\/praxis-haw.de\/?page_id=73","title":{"rendered":"DATENSCHUTZ"},"content":{"rendered":"\n<p><strong>Datenschutzerkl\u00e4rung<\/strong><br>Verantwortlicher im Sinne der Datenschutzgesetze, insbesondere der EU-Datenschutzgrundverordnung (DSGVO), ist<em> <\/em>die <em>Allgemein\u00e4rztliche Gemeinschaftspraxis N. Grosser &amp; Dr. med. C. Grosser<\/em>.<\/p>\n\n\n\n<p><strong>Ihre Betroffenenrechte<\/strong><br>Unter den angegebenen Kontaktdaten unseres Datenschutzbeauftragten k\u00f6nnen Sie jederzeit folgende Rechte aus\u00fcben:<br>-Auskunft \u00fcber Ihre bei uns gespeicherten Daten und deren Verarbeitung (Art. 15 DSGVO),<br>-Berichtigung unrichtiger personenbezogener Daten (Art. 16 DSGVO),<br>-L\u00f6schung Ihrer bei uns gespeicherten Daten (Art. 17 DSGVO),<br>-Einschr\u00e4nkung der Datenverarbeitung, sofern wir Ihre Daten aufgrund gesetzlicher Pflichten noch<br>nicht l\u00f6schen d\u00fcrfen (Art. 18 DSGVO),<br>-Widerspruch gegen die Verarbeitung Ihrer Daten bei uns (Art. 21 DSGVO) und<br>Daten\u00fcbertragbarkeit, sofern Sie in die Datenverarbeitung eingewilligt haben oder einen Vertrag mit<br>uns abgeschlossen haben (Art. 20 DSGVO).<br>Sofern Sie uns eine Einwilligung erteilt haben, k\u00f6nnen Sie diese jederzeit mit Wirkung f\u00fcr die Zukunft widerrufen. Sie k\u00f6nnen sich jederzeit mit einer Beschwerde an eine Aufsichtsbeh\u00f6rde wenden, z. B. an die zust\u00e4ndige Aufsichtsbeh\u00f6rde des Bundeslands Ihres Wohnsitzes oder an die f\u00fcr uns als verantwortliche Stelle zust\u00e4ndige Beh\u00f6rde. Eine Liste der Aufsichtsbeh\u00f6rden (f\u00fcr den nicht\u00f6ffentlichen Bereich) mit Anschrift finden Sie unter: <a rel=\"noreferrer noopener\" href=\"https:\/\/www.bfdi.bund.de\/DE\/Infothek\/Anschriften_Links\/anschriften_links-node.html\" target=\"_blank\">https:\/\/www.bfdi.bund.de\/DE\/Infothek\/Anschriften_Links\/anschriften_links-node.html<\/a>.<\/p>\n\n\n\n<p><strong>Erfassung allgemeiner Informationen beim Besuch unserer Website<\/strong><\/p>\n\n\n\n<p><strong>Art und Zweck der Verarbeitung:<\/strong><br>Wenn Sie auf unsere Website zugreifen, d.h., wenn Sie sich nicht registrieren oder anderweitig Informationen \u00fcbermitteln, werden automatisch Informationen allgemeiner Natur erfasst. Diese Informationen (Server-Logfiles) beinhalten etwa die Art des Webbrowsers, das verwendete Betriebssystem, den Domainnamen Ihres Internet-Service-Providers, Ihre IP-Adresse und \u00e4hnliches. Sie werden insbesondere zu folgenden Zwecken verarbeitet:<br>-Sicherstellung eines problemlosen Verbindungsaufbaus der Website,<br>-Sicherstellung einer reibungslosen Nutzung unserer Website,<br>-Auswertung der Systemsicherheit und -stabilit\u00e4t sowie zu weiteren administrativen Zwecken.<br>Wir verwenden Ihre Daten nicht, um R\u00fcckschl\u00fcsse auf Ihre Person zu ziehen. Informationen dieser Art werden von uns ggfs. statistisch ausgewertet, um unseren Internetauftritt und die dahinterstehende Technik zu optimieren.<\/p>\n\n\n\n<p><strong>Die Verarbeitung erfolgt gem\u00e4\u00df Art. 6 Abs. 1 lit. f DSGVO auf Basis unseres berechtigten Interesses an der Verbesserung der Stabilit\u00e4t und Funktionalit\u00e4t unserer Website.<\/strong><\/p>\n\n\n\n<p><strong>Empf\u00e4nger:<\/strong><br>Empf\u00e4nger der Daten sind ggf. technische Dienstleister, die f\u00fcr den Betrieb und die Wartung unserer Webseite als Auftragsverarbeiter t\u00e4tig werden. Diese w\u00e4ren die STRATO AG. Folgende Log-Daten werdenerhoben: Kunden-Domain, Anonymisierte Client-IP, Request-Zeile, Timestamp, Status Code, Gr\u00f6\u00dfe des Response Bodies, Referer, der vom Client gesendet wurde, User Agent, der vom Client gesendet wurde, Remote User.<\/p>\n\n\n\n<p><strong>Speicherdauer:<\/strong><br>Die Daten werden gel\u00f6scht, sobald diese f\u00fcr den Zweck der Erhebung nicht mehr erforderlich sind. Dies ist f\u00fcr die Daten, die der Bereitstellung der Webseite dienen, grunds\u00e4tzlich der Fall, wenn die jeweilige Sitzung beendet ist. Die Log-Daten werden f\u00fcr maximal 6 Monate bei der STRATO AG gespeichert.<\/p>\n\n\n\n<p><strong>Bereitstellung vorgeschrieben oder erforderlich:<\/strong><br>Die Bereitstellung der vorgenannten personenbezogenen Daten ist weder gesetzlich noch vertraglich vorgeschrieben. Ohne die IP-Adresse ist jedoch der Dienst und die Funktionsf\u00e4higkeit unserer Website nicht gew\u00e4hrleistet. Zudem k\u00f6nnen einzelne Dienste und Services nicht verf\u00fcgbar oder eingeschr\u00e4nkt sein. Aus diesem Grund ist ein Widerspruch ausgeschlossen.<\/p>\n\n\n\n<p><strong>Kontaktformular<\/strong> \u2013 Online Rezeptbestellung \u2013 Online \u00dcberweisungsbestellung \u2013 Online Terminanfrage<\/p>\n\n\n\n<p>Per Kontaktformular \u00fcbermittelte Daten werden einschlie\u00dflich Ihrer Kontaktdaten gespeichert, um Ihre Anfrage bearbeiten zu k\u00f6nnen oder um f\u00fcr Anschlussfragen bereitzustehen. Eine Weitergabe dieser Daten findet ohne Ihre Einwilligung nicht statt. Die Verarbeitung der in das Kontaktformular eingegebenen Daten erfolgt ausschlie\u00dflich auf Grundlage Ihrer Einwilligung (Art. 6 Abs. 1 lit. a DSGVO). Ein Widerruf Ihrer bereits erteilten Einwilligung ist jederzeit m\u00f6glich. F\u00fcr den Widerruf gen\u00fcgt eine formlose Mitteilung per E-Mail. Die Rechtm\u00e4\u00dfigkeit der bis zum Widerruf erfolgten Datenverarbeitungsvorg\u00e4nge bleibt vom Widerruf unber\u00fchrt. \u00dcber das Kontaktformular \u00fcbermittelte Daten verbleiben bei uns, bis Sie uns zur L\u00f6schung auffordern, Ihre Einwilligung zur Speicherung widerrufen oder keine Notwendigkeit der Datenspeicherung mehr besteht. Zwingende gesetzliche Bestimmungen \u2013 insbesondere Aufbewahrungsfristen \u2013 bleiben unber\u00fchrt. <\/p>\n\n\n\n<p>Wir weisen darauf hin, dass die Daten\u00fcbertragung im Internet Sicherheitsl\u00fccken aufweisen kann. Ein l\u00fcckenloser Schutz der Daten vor dem Zugriff Dritter ist nicht m\u00f6glich. Eine Haftung gleich welcher Art, die aus der Nutzung des Online Service entsteht, ist ausgeschlossen. Die Benutzung erfolgt auf eigenes Risiko!<\/p>\n\n\n\n<p><strong>Cloudflare Turnstile<\/strong><\/p>\n\n\n\n<p>Cloudflare Turnstile (ein Dienst von Cloudflare, Inc., 101 Townsend St, San Francisco, CA 94107, USA) ist ein automatisierter Erkennungsdienst, der uns hilft zu \u00fcberpr\u00fcfen ob die Anfrage von einem Menschen oder einem Bot \u00fcbersendet wurde. Diese Erkennung ist notwendig um Spamnachrichten zu verhindern.<\/p>\n\n\n\n<p>Wir verwenden Turnstile um die sichere Verwendung des Kontaktformulars zu gew\u00e4hrleisten. Rechtsgrundlage f\u00fcr diese Art der Datenverarbeitung ist unser berechtigtes Interesse an dem sicheren Betrieb des Kontaktformulars, Art. 6 Abs. 1 lit. f) DSGVO.<\/p>\n\n\n\n<p>Cloudflare verarbeitet bei dieser Abfrage zur \u00dcberpr\u00fcfung ihre IP an die Server von Cloudflare. Cloudflare verarbeitet die Daten in unserem Auftrag auf der Grundlage eines Auftragsverarbeitungsvertrag zwischen uns und Cloudflare. Dieser stellt sicher, dass die Datenverarbeitung in unserem Auftrag in Einklang mit der Datenschutzgrundverordnung unter Gew\u00e4hrleistung des Schutzes der Rechte der betroffenen Personen erfolgt. Es kann vorkommen, dass die IP-Adresse an die amerikanischen Server von Cloudflare \u00fcbertragen werden. In diesem Fall gelten dar\u00fcber hinaus die zwischen uns und Cloudflare beschlossenen Standardvertragsklauseln zur Wahrung ihrer Rechte.<\/p>\n\n\n\n<p>Sie haben das Recht jederzeit dieser Datenverarbeitung zu widesprechen, in diesem Fall, k\u00f6nnen sie unter Umst\u00e4nden das Kontaktformular nicht mehr nutzen.<\/p>\n\n\n\n<p>Cloudflare hat sich dem Privacy-Shield-Abkommen zwischen der Europ\u00e4ischen Union und den USA unterworfen und ist zertifiziert worden. Damit verpflichtet sich Intercom, die Standards und Vorschriften des europ\u00e4ischen Datenschutzrechts einzuhalten. <\/p>\n\n\n\n<p>Weitere Informationen des Drittanbieters zum Datenschutz k\u00f6nnen Sie der nachfolgenden Webseite entnehmen: <a href=\"https:\/\/www.cloudflare.com\/de-de\/privacypolicy\/\">hier<\/a><\/p>\n\n\n\n<p><strong>Cookies<\/strong><\/p>\n\n\n\n<p><strong>Art und Zweck der Verarbeitung:<\/strong><br>Wie viele andere Webseiten verwenden wir auch so genannte \u201eCookies\u201c. Bei Cookies handelt es sich um kleine Textdateien, die auf Ihrem Endger\u00e4t (Laptop, Tablet, Smartphone o.\u00e4.) gespeichert werden, wenn Sie unsere Webseite besuchen.<br>Hierdurch erhalten wir bestimmte Daten wie z. B. IP-Adresse, verwendeter Browser und Betriebssystem. Cookies k\u00f6nnen nicht verwendet werden, um Programme zu starten oder Viren auf einen Computer zu \u00fcbertragen. Anhand der in Cookies enthaltenen Informationen k\u00f6nnen wir Ihnen die Navigation erleichtern und die korrekte Anzeige unserer Webseiten erm\u00f6glichen. In keinem Fall werden die von uns erfassten Daten an Dritte weitergegeben oder ohne Ihre Einwilligung eine Verkn\u00fcpfung mit personenbezogenen Daten hergestellt. Nat\u00fcrlich k\u00f6nnen Sie unsere Website grunds\u00e4tzlich auch ohne Cookies betrachten. Internet-Browser sind regelm\u00e4\u00dfig so eingestellt, dass sie Cookies akzeptieren. Im Allgemeinen k\u00f6nnen Sie die Verwendung von Cookies jederzeit \u00fcber die Einstellungen Ihres Browsers deaktivieren. Bitte verwenden Sie die Hilfefunktionen Ihres Internetbrowsers, um zu erfahren, wie Sie diese Einstellungen \u00e4ndern k\u00f6nnen. Bitte beachten Sie, dass einzelne Funktionen unserer Website m\u00f6glicherweise nicht funktionieren, wenn Sie die Verwendung von Cookies deaktiviert haben.<\/p>\n\n\n\n<p><strong>Speicherdauer und eingesetzte Cookies:<\/strong><br>Sie k\u00f6nnen \u00fcber Ihre Browsereinstellungen einzelne Cookies oder den gesamten Cookie-Bestand l\u00f6schen. Dar\u00fcber hinaus erhalten Sie Informationen und Anleitungen, wie diese Cookies gel\u00f6scht oder deren Speicherung vorab blockiert werden k\u00f6nnen. Je nach Anbieter Ihres Browsers finden Sie die notwendigen Informationen unter den nachfolgenden Links:Mozilla Firefox: <a rel=\"noreferrer noopener\" href=\"https:\/\/support.mozilla.org\/de\/kb\/cookies-loeschen-daten-von-websites-entfernen\" target=\"_blank\">https:\/\/support.mozilla.org\/de\/kb\/cookies-loeschen-daten-von-websites-entfernen<\/a><br>Internet Explorer: <a rel=\"noreferrer noopener\" href=\"https:\/\/support.microsoft.com\/de-de\/help\/17442\/windows-internet-explorer-delete-manage-cookies\" target=\"_blank\">https:\/\/support.microsoft.com\/de-de\/help\/17442\/windows-internet-explorer-delete-manage-cookies<\/a><br>Google Chrome: <a rel=\"noreferrer noopener\" href=\"https:\/\/support.google.com\/accounts\/answer\/61416?hl=de\" target=\"_blank\">https:\/\/support.google.com\/accounts\/answer\/61416?hl=de<\/a><br>Opera: <a rel=\"noreferrer noopener\" href=\"http:\/\/www.opera.com\/de\/help\" target=\"_blank\">http:\/\/www.opera.com\/de\/help<\/a><br>Safari: <a rel=\"noreferrer noopener\" href=\"https:\/\/support.apple.com\/kb\/PH17191?locale=de_DE&amp;viewlocale=de_DE\" target=\"_blank\">https:\/\/support.apple.com\/kb\/PH17191?locale=de_DE&amp;viewlocale=de_DE<\/a><\/p>\n\n\n\n<p><strong>SSL-Verschl\u00fcsselung<\/strong><br>Um die Sicherheit Ihrer Daten bei der \u00dcbertragung zu sch\u00fctzen, verwenden wir dem aktuellen Stand der Technik entsprechende Verschl\u00fcsselungsverfahren (z. B. SSL) \u00fcber HTTPS.<\/p>\n\n\n\n<p><strong>Widgets<\/strong><br>Durch die Nutzung des Widgets zur [Apotheken- und Notdienstsuche] wird Ihr eingegebener Suchbegriff (PLZ oder Ort) an die Seite www.aponet.de ausschlie\u00dflich zum Zweck der Standortermittlung weitergegeben. N\u00e4heres zum Datenschutz auf aponet.de entnehmen Sie bitten den dortigen Datenschutzerkl\u00e4rungen unter <a href=\"https:\/\/www.aponet.de\/datenschutzerklaerung.html\" target=\"_blank\" rel=\"noreferrer noopener\">https:\/\/www.aponet.de\/datenschutzerklaerung.html<\/a>.<\/p>\n\n\n\n<p><strong>\u00c4nderung unserer Datenschutzbestimmungen<\/strong><br>Wir behalten uns vor, diese Datenschutzerkl\u00e4rung anzupassen, damit sie stets den aktuellen rechtlichen Anforderungen entspricht oder um \u00c4nderungen unserer Leistungen in der Datenschutzerkl\u00e4rung umzusetzen, z.B. bei der Einf\u00fchrung neuer Services. F\u00fcr Ihren erneuten Besuch gilt dann die neue Datenschutzerkl\u00e4rung.<\/p>\n\n\n\n<p>Wenn Sie Fragen zum Datenschutz haben, schreiben Sie uns bitte eine E-Mail oder wenden Sie sich direkt an die f\u00fcr den Datenschutz verantwortliche Person in unserer Organisation.<\/p>\n\n\n\n<p style=\"font-size:14px\"><em>Die Datenschutzerkl\u00e4rung wurde mithilfe der activeMind AG erstellt, den Experten f\u00fcr <a href=\"https:\/\/www.activemind.de\/datenschutz\/datenschutzhinweis-generator\/\" target=\"_blank\" rel=\"noreferrer noopener\">externe Datenschutzbeauftragte<\/a>.<\/em><\/p>\n","protected":false},"excerpt":{"rendered":"<p>Datenschutzerkl\u00e4rungVerantwortlicher im Sinne der Datenschutzgesetze, insbesondere der EU-Datenschutzgrundverordnung (DSGVO), ist die Allgemein\u00e4rztliche Gemeinschaftspraxis N. Grosser &amp; Dr. med. C. Grosser. Ihre BetroffenenrechteUnter den angegebenen Kontaktdaten unseres Datenschutzbeauftragten k\u00f6nnen Sie jederzeit &hellip; <\/p>\n","protected":false},"author":1,"featured_media":902,"parent":0,"menu_order":0,"comment_status":"closed","ping_status":"closed","template":"","meta":{"footnotes":""},"class_list":["post-73","page","type-page","status-publish","has-post-thumbnail","hentry"],"_links":{"self":[{"href":"https:\/\/praxis-haw.de\/index.php?rest_route=\/wp\/v2\/pages\/73","targetHints":{"allow":["GET"]}}],"collection":[{"href":"https:\/\/praxis-haw.de\/index.php?rest_route=\/wp\/v2\/pages"}],"about":[{"href":"https:\/\/praxis-haw.de\/index.php?rest_route=\/wp\/v2\/types\/page"}],"author":[{"embeddable":true,"href":"https:\/\/praxis-haw.de\/index.php?rest_route=\/wp\/v2\/users\/1"}],"replies":[{"embeddable":true,"href":"https:\/\/praxis-haw.de\/index.php?rest_route=%2Fwp%2Fv2%2Fcomments&post=73"}],"version-history":[{"count":19,"href":"https:\/\/praxis-haw.de\/index.php?rest_route=\/wp\/v2\/pages\/73\/revisions"}],"predecessor-version":[{"id":1777,"href":"https:\/\/praxis-haw.de\/index.php?rest_route=\/wp\/v2\/pages\/73\/revisions\/1777"}],"wp:featuredmedia":[{"embeddable":true,"href":"https:\/\/praxis-haw.de\/index.php?rest_route=\/wp\/v2\/media\/902"}],"wp:attachment":[{"href":"https:\/\/praxis-haw.de\/index.php?rest_route=%2Fwp%2Fv2%2Fmedia&parent=73"}],"curies":[{"name":"wp","href":"https:\/\/api.w.org\/{rel}","templated":true}]}}