{"id":111,"date":"2020-05-26T21:09:42","date_gmt":"2020-05-26T21:09:42","guid":{"rendered":"https:\/\/praxis-haw.de\/?page_id=111"},"modified":"2022-12-29T06:33:30","modified_gmt":"2022-12-29T06:33:30","slug":"startseite","status":"publish","type":"page","link":"https:\/\/praxis-haw.de\/","title":{"rendered":"Startseite"},"content":{"rendered":"\n<h3 class=\"has-medium-pink-color has-text-color wp-block-heading\" id=\"herzlich-willkommen\">Herzlich Willkommen <\/h3>\n\n\n\n<p class=\"has-normal-font-size\">Sch\u00f6n, dass Sie da sind! <\/p>\n\n\n\n<p class=\"has-normal-font-size\">Das Team der<strong> Haus\u00e4rzten Am Weiselberg<\/strong> an den Standorten in <em>Oberkirchen<\/em> und <em>Freisen <\/em>begr\u00fc\u00dft Sie herzlichst auf unserer Internetseite. <br>Hier finden Sie Informationen rund um die Praxis, wichtige Adressen und Telefonnummern.<\/p>\n\n\n\n<p>Wir freuen uns auf Ihr Kommen!<\/p>\n\n\n\n<p class=\"has-normal-font-size\"><em>Ihr Team der Haus\u00e4rzte Am Weiselberg<\/em> <br><\/p>\n\n\n\n<p class=\"has-medium-pink-color has-text-color\">Die aktuellen Sprechzeiten finden Sie <strong><a href=\"https:\/\/praxis-haw.de\/?page_id=383\" data-type=\"page\" data-id=\"383\">HIER<\/a>.<\/strong><\/p>\n\n\n\n<p class=\"has-white-color has-medium-pink-background-color has-text-color has-background\">ACHTUNG: Die Praxis ist vom <strong>19.12<\/strong> bis zum <strong>26.12.202<\/strong>2 geschlossen. In dringenden F\u00e4llen wenden Sie sich bitte an die Praxis Lenthe &amp; Rietz. <\/p>\n\n\n\n<p class=\"has-text-align-center has-yellow-color has-text-color\">    <\/p>\n","protected":false},"excerpt":{"rendered":"<p>Herzlich Willkommen Sch\u00f6n, dass Sie da sind! Das Team der Haus\u00e4rzten Am Weiselberg an den Standorten in Oberkirchen und Freisen begr\u00fc\u00dft Sie herzlichst auf unserer Internetseite. Hier finden Sie Informationen &hellip; <\/p>\n","protected":false},"author":1,"featured_media":309,"parent":0,"menu_order":0,"comment_status":"closed","ping_status":"closed","template":"","meta":{"footnotes":""},"class_list":["post-111","page","type-page","status-publish","has-post-thumbnail","hentry"],"_links":{"self":[{"href":"https:\/\/praxis-haw.de\/index.php?rest_route=\/wp\/v2\/pages\/111","targetHints":{"allow":["GET"]}}],"collection":[{"href":"https:\/\/praxis-haw.de\/index.php?rest_route=\/wp\/v2\/pages"}],"about":[{"href":"https:\/\/praxis-haw.de\/index.php?rest_route=\/wp\/v2\/types\/page"}],"author":[{"embeddable":true,"href":"https:\/\/praxis-haw.de\/index.php?rest_route=\/wp\/v2\/users\/1"}],"replies":[{"embeddable":true,"href":"https:\/\/praxis-haw.de\/index.php?rest_route=%2Fwp%2Fv2%2Fcomments&post=111"}],"version-history":[{"count":50,"href":"https:\/\/praxis-haw.de\/index.php?rest_route=\/wp\/v2\/pages\/111\/revisions"}],"predecessor-version":[{"id":485,"href":"https:\/\/praxis-haw.de\/index.php?rest_route=\/wp\/v2\/pages\/111\/revisions\/485"}],"wp:featuredmedia":[{"embeddable":true,"href":"https:\/\/praxis-haw.de\/index.php?rest_route=\/wp\/v2\/media\/309"}],"wp:attachment":[{"href":"https:\/\/praxis-haw.de\/index.php?rest_route=%2Fwp%2Fv2%2Fmedia&parent=111"}],"curies":[{"name":"wp","href":"https:\/\/api.w.org\/{rel}","templated":true}]}}